{"id":71,"date":"2013-03-11T21:51:35","date_gmt":"2013-03-11T19:51:35","guid":{"rendered":"http:\/\/roggenbuch.de-info.de\/wp\/?page_id=71"},"modified":"2024-11-18T12:33:57","modified_gmt":"2024-11-18T10:33:57","slug":"geschichte","status":"publish","type":"page","link":"http:\/\/msc-reichshof.de\/wp\/?page_id=71","title":{"rendered":"Geschichte"},"content":{"rendered":"<h3>So entwickelte sich der Modellflug auf dem H\u00f6henr\u00fccken zwischen Wildberg und Kamp<\/h3>\n<p>&nbsp;<\/p>\n<div>\n<h4>Wie alles begann<\/h4>\n<p><img loading=\"lazy\" decoding=\"async\" class=\"size-full wp-image-439 alignleft\" style=\"margin-top: 0px;\" src=\"http:\/\/msc-reichshof.de\/wp\/wp-content\/uploads\/2013\/05\/reichshofstaffel-logo.png\" alt=\"reichshofstaffel-logo\" width=\"305\" height=\"211\"><\/p>\n<\/div>\n<div>Mitte der Siebziger Jahre trafen sich ein paar Modellflugbegeisterte, um ein brach liegendes Grundst\u00fcck auf dem H\u00f6henr\u00fccken zwischen Wildberg und Kamp f\u00fcr den Modellflug herzurichten. Ginstern und Dornenb\u00fcsche wurden beseitigt, die herumliegenden Steine eingesammelt und abtransportiert sowie das Gel\u00e4nde eingeebnet und einges\u00e4t.<\/div>\n<p>&nbsp;<\/p>\n<div>\n<h4>&nbsp;<\/h4>\n<h4>&nbsp;<\/h4>\n<h4>Die Reichshof-Staffel<img loading=\"lazy\" decoding=\"async\" class=\"size-full wp-image-440 alignright\" style=\"margin-left: 5px; margin-top: 0px;\" src=\"http:\/\/msc-reichshof.de\/wp\/wp-content\/uploads\/2013\/05\/Juergen-Stefan-Wolfgang-1983.jpg\" alt=\"Juergen-Stefan-Wolfgang-1983\" width=\"259\" height=\"194\" srcset=\"http:\/\/msc-reichshof.de\/wp\/wp-content\/uploads\/2013\/05\/Juergen-Stefan-Wolfgang-1983.jpg 800w, http:\/\/msc-reichshof.de\/wp\/wp-content\/uploads\/2013\/05\/Juergen-Stefan-Wolfgang-1983-300x225.jpg 300w\" sizes=\"auto, (max-width: 259px) 100vw, 259px\" \/><\/h4>\n<p>Die Platzgr\u00fcnder nannten sich \u201eReichshof-Staffel&#8220;.<\/p>\n<\/div>\n<p>&nbsp;<\/p>\n<p>&nbsp;<\/p>\n<p>&nbsp;<\/p>\n<div>\n<h4>Gr\u00fcndung des Modellsportclub Reichshof<\/h4>\n<p>Ende der Achtziger Jahre entstand dann der Modellsportclub Reichshof. Nach einigen Jahren als lose Interessengemeinschaft beschlossen die aktiven Modellflieger 1993, einen eingetragenen Verein zu gr\u00fcnden und eine offizielle Aufstiegserlaubnis zu beantragen.<br \/>\nAm 1. Oktober 1993 Wurde der Modellsportclub Reichshof e.V. in das Vereinsregister eingetragen.<\/p>\n<\/div>\n<p>&nbsp;<\/p>\n<div>\n<h4>Erhalt der Aufstiegserlaubnis<\/h4>\n<p><a href=\"http:\/\/msc-reichshof.de\/wp\/wp-content\/uploads\/2015\/03\/20140309_153730.jpg\"><img loading=\"lazy\" decoding=\"async\" class=\"wp-image-1022  alignright\" style=\"margin-top: 0px; margin-right: 10px;\" src=\"http:\/\/msc-reichshof.de\/wp\/wp-content\/uploads\/2015\/03\/20140309_153730.jpg\" alt=\"\" width=\"277\" height=\"208\" srcset=\"http:\/\/msc-reichshof.de\/wp\/wp-content\/uploads\/2015\/03\/20140309_153730.jpg 600w, http:\/\/msc-reichshof.de\/wp\/wp-content\/uploads\/2015\/03\/20140309_153730-300x225.jpg 300w\" sizes=\"auto, (max-width: 277px) 100vw, 277px\" \/><\/a>Am 13. August 1996 erhielt der MSC Reichshof e.V. die Aufstiegserlaubnis, f\u00fcr welche in den Jahren zuvor einige b\u00fcrokratische H\u00fcrden zu nehmen waren. Dieses Ereignis wurde dann von den Vereinsmitgliedern geb\u00fchrend gefeiert. Im Jahr 2000 wurde dann eine Wetterschutzh\u00fctte errichtet, die bei kurzen Regenschauern entsprechenden Schutz bietet. Auch viele Wanderer, die vorbeikommen nutzen die H\u00fctte und die von den Vereinsmitgliedern aufgestellten Ruheb\u00e4nke gerne zur Rast und genie\u00dfen den phantastischen Ausblick \u00fcber das Oberbergische und Sauerland. Bei klarem Wetter reicht der Blick bis zum Siebengebirge.<\/p>\n<\/div>\n<p>&nbsp;<\/p>\n<p>&nbsp;<\/p>\n<div>\n<h4>Vom Flugplatzfest zum bekannten Modellflugtag<a href=\"http:\/\/msc-reichshof.de\/wp\/wp-content\/uploads\/2018\/04\/DSC9638-klein.jpg\"><img loading=\"lazy\" decoding=\"async\" class=\"alignleft wp-image-1159 \" src=\"http:\/\/msc-reichshof.de\/wp\/wp-content\/uploads\/2018\/04\/DSC9638-klein-1024x678.jpg\" alt=\"\" width=\"331\" height=\"219\" srcset=\"http:\/\/msc-reichshof.de\/wp\/wp-content\/uploads\/2018\/04\/DSC9638-klein-1024x678.jpg 1024w, http:\/\/msc-reichshof.de\/wp\/wp-content\/uploads\/2018\/04\/DSC9638-klein-300x199.jpg 300w, http:\/\/msc-reichshof.de\/wp\/wp-content\/uploads\/2018\/04\/DSC9638-klein-768x509.jpg 768w, http:\/\/msc-reichshof.de\/wp\/wp-content\/uploads\/2018\/04\/DSC9638-klein.jpg 1200w\" sizes=\"auto, (max-width: 331px) 100vw, 331px\" \/><\/a><\/h4>\n<p>Mit Erhalt der Aufstiegserlaubnis wurde auch das erste Flugplatzfest organisiert, zu welchem auch die befreundeten Nachbarvereine geladen wurden. Im Laufe der Zeit hat sich dieses Flugplatzfest zu einem interessanten Modellflugtag entwickelt, bei welchem die Mitglieder, aber auch viele Gastpiloten aus anderen Vereinen, den Besuchern die breite Palette des Modellflugs zeigen. In der Bev\u00f6lkerung findet der Modellflugtag ebenfalls gro\u00dfe Beachtung und erfreut sich gro\u00dfer Beliebtheit.<\/p>\n<\/div>\n<p>&nbsp;<\/p>\n<p>&nbsp;<\/p>\n<div>\n<h4>Der Modellsportclub Reichshof e.V. heute<a href=\"http:\/\/msc-reichshof.de\/wp\/wp-content\/uploads\/2014\/01\/2013-06-16-15.56.531.jpg\"><img loading=\"lazy\" decoding=\"async\" class=\"wp-image-936 alignright\" src=\"http:\/\/msc-reichshof.de\/wp\/wp-content\/uploads\/2014\/01\/2013-06-16-15.56.531.jpg\" alt=\"2013-06-16 15.56.53\" width=\"377\" height=\"283\"><\/a><\/h4>\n<\/div>\n<div>Heute sind im Modellsportclub Reichshof e.V. ca. 50 Mitglieder organisiert, die bei gutem Wetter auch zahlreich auf dem Flugplatz anzutreffen sind.<\/div>\n","protected":false},"excerpt":{"rendered":"<p>So entwickelte sich der Modellflug auf dem H\u00f6henr\u00fccken zwischen Wildberg und Kamp &nbsp; Wie alles begann Mitte der Siebziger Jahre trafen sich ein paar Modellflugbegeisterte, um ein brach liegendes Grundst\u00fcck auf dem H\u00f6henr\u00fccken zwischen Wildberg und Kamp f\u00fcr den Modellflug herzurichten. Ginstern und Dornenb\u00fcsche wurden beseitigt, die herumliegenden Steine eingesammelt und abtransportiert sowie das Gel\u00e4nde [&hellip;]<\/p>\n","protected":false},"author":1,"featured_media":0,"parent":322,"menu_order":0,"comment_status":"closed","ping_status":"closed","template":"","meta":{"ngg_post_thumbnail":0,"footnotes":""},"class_list":["post-71","page","type-page","status-publish","hentry"],"_links":{"self":[{"href":"http:\/\/msc-reichshof.de\/wp\/index.php?rest_route=\/wp\/v2\/pages\/71","targetHints":{"allow":["GET"]}}],"collection":[{"href":"http:\/\/msc-reichshof.de\/wp\/index.php?rest_route=\/wp\/v2\/pages"}],"about":[{"href":"http:\/\/msc-reichshof.de\/wp\/index.php?rest_route=\/wp\/v2\/types\/page"}],"author":[{"embeddable":true,"href":"http:\/\/msc-reichshof.de\/wp\/index.php?rest_route=\/wp\/v2\/users\/1"}],"replies":[{"embeddable":true,"href":"http:\/\/msc-reichshof.de\/wp\/index.php?rest_route=%2Fwp%2Fv2%2Fcomments&post=71"}],"version-history":[{"count":61,"href":"http:\/\/msc-reichshof.de\/wp\/index.php?rest_route=\/wp\/v2\/pages\/71\/revisions"}],"predecessor-version":[{"id":1643,"href":"http:\/\/msc-reichshof.de\/wp\/index.php?rest_route=\/wp\/v2\/pages\/71\/revisions\/1643"}],"up":[{"embeddable":true,"href":"http:\/\/msc-reichshof.de\/wp\/index.php?rest_route=\/wp\/v2\/pages\/322"}],"wp:attachment":[{"href":"http:\/\/msc-reichshof.de\/wp\/index.php?rest_route=%2Fwp%2Fv2%2Fmedia&parent=71"}],"curies":[{"name":"wp","href":"https:\/\/api.w.org\/{rel}","templated":true}]}}