{"id":322,"date":"2013-03-10T09:54:34","date_gmt":"2013-03-10T07:54:34","guid":{"rendered":"http:\/\/roggenbuch.de-info.de\/wp\/?page_id=2"},"modified":"2024-11-18T12:23:50","modified_gmt":"2024-11-18T10:23:50","slug":"beispiel-seite-2","status":"publish","type":"page","link":"http:\/\/msc-reichshof.de\/wp\/?page_id=322","title":{"rendered":"\u00dcber uns"},"content":{"rendered":"<div>\n<h1>Modellflug mit Tradition<\/h1>\n<p>Bereits seit vielen Jahren wird auf unserem Gel\u00e4nde Modellflug betrieben. Nach dem Start in den Siebziger Jahren wurde dann 1993 der erste offizielle Verein gegr\u00fcndet und 1996 wurde offiziell die Aufstiegserlaubnis durch die zust\u00e4ndigen Beh\u00f6rden erteilt.<\/p>\n<\/div>\n<div>\n<p><a href=\"http:\/\/msc-reichshof.de\/wp\/wp-content\/uploads\/2018\/04\/DSC9552_01.jpg\"><img loading=\"lazy\" decoding=\"async\" class=\"alignleft wp-image-1165 \" style=\"margin-left: 0px; margin-top: 10px; margin-right: 8px;\" src=\"http:\/\/msc-reichshof.de\/wp\/wp-content\/uploads\/2018\/04\/DSC9552_01.jpg\" alt=\"\" width=\"369\" height=\"365\" srcset=\"http:\/\/msc-reichshof.de\/wp\/wp-content\/uploads\/2018\/04\/DSC9552_01.jpg 500w, http:\/\/msc-reichshof.de\/wp\/wp-content\/uploads\/2018\/04\/DSC9552_01-300x296.jpg 300w\" sizes=\"auto, (max-width: 369px) 100vw, 369px\" \/><\/a>Heute steht den Mitgliedern ein traumhaftes Gel\u00e4nde mit bestens gepflegter Rasenpiste zur Verf\u00fcgung. Motor-, Segel- und Hubschrauberflug wird hier in einer gro\u00dfen Bandbreite praktiziert.<\/p>\n<p>Interessiert mit dabei zu sein?&nbsp; Einfach vorbei kommen! Wir helfen Ihnen und euch gerne beim Start in das faszinierende Hobby Flugmodellsport.<\/p>\n<p>&nbsp;<\/p>\n<p style=\"text-align: center;\"><a title=\"Geschichte\" href=\"http:\/\/msc-reichshof.de\/wp\/?page_id=71\">Geschichte<\/a>&nbsp;&nbsp;&nbsp;&nbsp;<a title=\"Vorstand\" href=\"http:\/\/msc-reichshof.de\/wp\/?page_id=207\">Vorstand<\/a>&nbsp;&nbsp;&nbsp; <a title=\"Anfahrt\" href=\"http:\/\/msc-reichshof.de\/wp\/?page_id=32\">Anfahrt<\/a><\/p>\n<\/div>\n","protected":false},"excerpt":{"rendered":"<p>Modellflug mit Tradition Bereits seit vielen Jahren wird auf unserem Gel\u00e4nde Modellflug betrieben. Nach dem Start in den Siebziger Jahren wurde dann 1993 der erste offizielle Verein gegr\u00fcndet und 1996 wurde offiziell die Aufstiegserlaubnis durch die zust\u00e4ndigen Beh\u00f6rden erteilt. Heute steht den Mitgliedern ein traumhaftes Gel\u00e4nde mit bestens gepflegter Rasenpiste zur Verf\u00fcgung. Motor-, Segel- und [&hellip;]<\/p>\n","protected":false},"author":1,"featured_media":0,"parent":0,"menu_order":10,"comment_status":"closed","ping_status":"closed","template":"","meta":{"ngg_post_thumbnail":0,"footnotes":""},"class_list":["post-322","page","type-page","status-publish","hentry"],"_links":{"self":[{"href":"http:\/\/msc-reichshof.de\/wp\/index.php?rest_route=\/wp\/v2\/pages\/322","targetHints":{"allow":["GET"]}}],"collection":[{"href":"http:\/\/msc-reichshof.de\/wp\/index.php?rest_route=\/wp\/v2\/pages"}],"about":[{"href":"http:\/\/msc-reichshof.de\/wp\/index.php?rest_route=\/wp\/v2\/types\/page"}],"author":[{"embeddable":true,"href":"http:\/\/msc-reichshof.de\/wp\/index.php?rest_route=\/wp\/v2\/users\/1"}],"replies":[{"embeddable":true,"href":"http:\/\/msc-reichshof.de\/wp\/index.php?rest_route=%2Fwp%2Fv2%2Fcomments&post=322"}],"version-history":[{"count":16,"href":"http:\/\/msc-reichshof.de\/wp\/index.php?rest_route=\/wp\/v2\/pages\/322\/revisions"}],"predecessor-version":[{"id":1639,"href":"http:\/\/msc-reichshof.de\/wp\/index.php?rest_route=\/wp\/v2\/pages\/322\/revisions\/1639"}],"wp:attachment":[{"href":"http:\/\/msc-reichshof.de\/wp\/index.php?rest_route=%2Fwp%2Fv2%2Fmedia&parent=322"}],"curies":[{"name":"wp","href":"https:\/\/api.w.org\/{rel}","templated":true}]}}