{"id":32,"date":"2013-03-10T16:09:08","date_gmt":"2013-03-10T14:09:08","guid":{"rendered":"http:\/\/roggenbuch.de-info.de\/wp\/?page_id=32"},"modified":"2019-07-28T12:21:50","modified_gmt":"2019-07-28T10:21:50","slug":"anfahrt","status":"publish","type":"page","link":"http:\/\/msc-reichshof.de\/wp\/?page_id=32","title":{"rendered":"Anfahrt"},"content":{"rendered":"<p><strong><br \/>\nDer Modellflugplatz des MSC Reichshof liegt auf einem H\u00f6henr\u00fccken zwischen den Ortschaften Wildberg und Kamp. So erreichen Sie uns:<\/strong><\/p>\n<p><strong>Geokoordinaten<\/strong><br \/>\n<strong>50\u00b056&#8217;14.8&#8243;N 7\u00b046&#8217;58.2&#8243;E<\/strong><br \/>\n<a href=\"http:\/\/msc-reichshof.de\/wp\/wp-content\/uploads\/2019\/07\/msc-reichshof-anfahrt.png\"><img loading=\"lazy\" decoding=\"async\" src=\"http:\/\/msc-reichshof.de\/wp\/wp-content\/uploads\/2019\/07\/msc-reichshof-anfahrt.png\" alt=\"\" width=\"650\" height=\"377\" class=\"size-full wp-image-1516\" srcset=\"http:\/\/msc-reichshof.de\/wp\/wp-content\/uploads\/2019\/07\/msc-reichshof-anfahrt.png 650w, http:\/\/msc-reichshof.de\/wp\/wp-content\/uploads\/2019\/07\/msc-reichshof-anfahrt-300x174.png 300w\" sizes=\"auto, (max-width: 650px) 100vw, 650px\" \/><\/a><br \/>\n<i>Kartendaten: \u00a9 OpenStreetMap-Mitwirkende, SRTM | Kartendarstellung: \u00a9 OpenTopoMap (CC-BY-SA)<\/i><br \/>\n<br \/>\n<strong>Aus Richtung Waldbr\u00f6l:<\/strong><\/p>\n<ul>\n<li>Sie fahren geradeaus durch Wildbergerh\u00fctte und Nosbach.<br \/>\nAn der n\u00e4chsten Kreuzung biegen Sie rechts ab Richtung Wildberg.<br \/>\nVor Wildberg biegen Sie links ab Richtung Friesenhagen.<br \/>\nAn der n\u00e4chsten Kreuzung biegen Sie halblinks ab in einen Waldweg.<br \/>\nDer Modellflugplatz ist nach 300 m auf der linken Seite.<\/li>\n<\/ul>\n<p><strong>Von der Autobahn A4 kommend:<\/strong><\/p>\n<ul>\n<li>Sie fahren von der Autobahn ab Richtung Wildbergerh\u00fctte.<\/li>\n<li>In Wildbergerh\u00fctte biegen Sie links ab Richtung Rothem\u00fchle.<\/li>\n<li>Hinter Nosbach&#8230;. (siehe oben)<\/li>\n<\/ul>\n<p><strong>Aus Richtung Rothem\u00fchle kommend:<\/strong><\/p>\n<ul>\n<li>Sie fahren von Rothem\u00fchle in Richtung Wildbergerh\u00fctte.<\/li>\n<li>An der n\u00e4chsten Kreuzung biegen Sie links ab Richtung Wildberg.<\/li>\n<li>Vor Wildberg&#8230; (siehe oben)<\/li>\n<\/ul>\n","protected":false},"excerpt":{"rendered":"<p>Der Modellflugplatz des MSC Reichshof liegt auf einem H\u00f6henr\u00fccken zwischen den Ortschaften Wildberg und Kamp. So erreichen Sie uns: Geokoordinaten 50\u00b056&#8217;14.8&#8243;N 7\u00b046&#8217;58.2&#8243;E Kartendaten: \u00a9 OpenStreetMap-Mitwirkende, SRTM | Kartendarstellung: \u00a9 OpenTopoMap (CC-BY-SA) Aus Richtung Waldbr\u00f6l: Sie fahren geradeaus durch Wildbergerh\u00fctte und Nosbach. An der n\u00e4chsten Kreuzung biegen Sie rechts ab Richtung Wildberg. Vor Wildberg biegen Sie [&hellip;]<\/p>\n","protected":false},"author":1,"featured_media":0,"parent":322,"menu_order":3,"comment_status":"closed","ping_status":"closed","template":"","meta":{"ngg_post_thumbnail":0,"footnotes":""},"class_list":["post-32","page","type-page","status-publish","hentry"],"_links":{"self":[{"href":"http:\/\/msc-reichshof.de\/wp\/index.php?rest_route=\/wp\/v2\/pages\/32","targetHints":{"allow":["GET"]}}],"collection":[{"href":"http:\/\/msc-reichshof.de\/wp\/index.php?rest_route=\/wp\/v2\/pages"}],"about":[{"href":"http:\/\/msc-reichshof.de\/wp\/index.php?rest_route=\/wp\/v2\/types\/page"}],"author":[{"embeddable":true,"href":"http:\/\/msc-reichshof.de\/wp\/index.php?rest_route=\/wp\/v2\/users\/1"}],"replies":[{"embeddable":true,"href":"http:\/\/msc-reichshof.de\/wp\/index.php?rest_route=%2Fwp%2Fv2%2Fcomments&post=32"}],"version-history":[{"count":8,"href":"http:\/\/msc-reichshof.de\/wp\/index.php?rest_route=\/wp\/v2\/pages\/32\/revisions"}],"predecessor-version":[{"id":365,"href":"http:\/\/msc-reichshof.de\/wp\/index.php?rest_route=\/wp\/v2\/pages\/32\/revisions\/365"}],"up":[{"embeddable":true,"href":"http:\/\/msc-reichshof.de\/wp\/index.php?rest_route=\/wp\/v2\/pages\/322"}],"wp:attachment":[{"href":"http:\/\/msc-reichshof.de\/wp\/index.php?rest_route=%2Fwp%2Fv2%2Fmedia&parent=32"}],"curies":[{"name":"wp","href":"https:\/\/api.w.org\/{rel}","templated":true}]}}