{"id":308,"date":"2013-05-05T18:07:50","date_gmt":"2013-05-05T16:07:50","guid":{"rendered":"http:\/\/roggenbuch.de-info.de\/wp\/?page_id=308"},"modified":"2024-11-18T13:03:51","modified_gmt":"2024-11-18T11:03:51","slug":"gastflieger","status":"publish","type":"page","link":"http:\/\/msc-reichshof.de\/wp\/?page_id=308","title":{"rendered":"Gastflieger"},"content":{"rendered":"<h4>Gastflieger sind herzlich willkommen!<\/h4>\n<p><span style=\"font-size: revert; color: initial;\">Gastflieger sind auf unserem Fluggel\u00e4nde nat\u00fcrlich herzlich willkommen. Modellflugzeuge bis zu einem Startgewicht von 25kg k\u00f6nnen auf unserem Platz betrieben werden. Bei Modellen mit Verbrennungsmotoren darf ein L\u00e4rmpegel von 72dB (A) in 25m nicht \u00fcberschritten werden.&nbsp;<\/span><\/p>\n<div>\n<p class=\"font_7 wixui-rich-text__text\">Dazu gibt es die M\u00f6glichkeit, eine Tagesmitgliedschaft zu erwerben. Die Aufnahme erfolgt durch eines unserer Vorstandsmitglieder oder den Flugleiter.&nbsp; Die Tagesmitgliedschaft endet mit der Beendigung des Flugbetriebs am jeweiligen Tag und dem entsprechenden Eintrag im Flugbuch.<\/p>\n<p class=\"font_7 wixui-rich-text__text\">Erforderlich sind der Nachweis f\u00fcr eine Modellflugversicherung, ein Kenntnisnachweis und ggf. L\u00e4rmpass.&nbsp;<\/p>\n<p class=\"font_7 wixui-rich-text__text\">Wir bitten alle Gastpiloten den MSC Reichshof durch r\u00fccksichtsvolles Verhalten und die Einhaltung der Bestimmungen zu unterst\u00fctzen. &nbsp;<\/p>\n<p><span style=\"color: #f31b3b;\"><strong>Bitte beachtet: Ohne g\u00fcltige Tagesmitgliedschaft ist das Fliegen auf unserem Gel\u00e4nde strikt untersagt!<\/strong><\/span><\/p>\n<p><a href=\"http:\/\/msc-reichshof.de\/wp\/wp-content\/uploads\/2024\/11\/MSC_2024.png\"><img loading=\"lazy\" decoding=\"async\" class=\"alignleft  wp-image-1624\" src=\"http:\/\/msc-reichshof.de\/wp\/wp-content\/uploads\/2024\/11\/MSC_2024-965x1024.png\" alt=\"\" width=\"832\" height=\"884\" srcset=\"http:\/\/msc-reichshof.de\/wp\/wp-content\/uploads\/2024\/11\/MSC_2024-965x1024.png 965w, http:\/\/msc-reichshof.de\/wp\/wp-content\/uploads\/2024\/11\/MSC_2024-283x300.png 283w, http:\/\/msc-reichshof.de\/wp\/wp-content\/uploads\/2024\/11\/MSC_2024-768x815.png 768w, http:\/\/msc-reichshof.de\/wp\/wp-content\/uploads\/2024\/11\/MSC_2024-1448x1536.png 1448w, http:\/\/msc-reichshof.de\/wp\/wp-content\/uploads\/2024\/11\/MSC_2024.png 1839w\" sizes=\"auto, (max-width: 832px) 100vw, 832px\" \/><\/a><\/p>\n<\/div>\n","protected":false},"excerpt":{"rendered":"<p>Gastflieger sind herzlich willkommen! Gastflieger sind auf unserem Fluggel\u00e4nde nat\u00fcrlich herzlich willkommen. Modellflugzeuge bis zu einem Startgewicht von 25kg k\u00f6nnen auf unserem Platz betrieben werden. Bei Modellen mit Verbrennungsmotoren darf ein L\u00e4rmpegel von 72dB (A) in 25m nicht \u00fcberschritten werden.&nbsp; Dazu gibt es die M\u00f6glichkeit, eine Tagesmitgliedschaft zu erwerben. Die Aufnahme erfolgt durch eines unserer [&hellip;]<\/p>\n","protected":false},"author":1,"featured_media":0,"parent":0,"menu_order":30,"comment_status":"closed","ping_status":"closed","template":"","meta":{"ngg_post_thumbnail":0,"footnotes":""},"class_list":["post-308","page","type-page","status-publish","hentry"],"_links":{"self":[{"href":"http:\/\/msc-reichshof.de\/wp\/index.php?rest_route=\/wp\/v2\/pages\/308","targetHints":{"allow":["GET"]}}],"collection":[{"href":"http:\/\/msc-reichshof.de\/wp\/index.php?rest_route=\/wp\/v2\/pages"}],"about":[{"href":"http:\/\/msc-reichshof.de\/wp\/index.php?rest_route=\/wp\/v2\/types\/page"}],"author":[{"embeddable":true,"href":"http:\/\/msc-reichshof.de\/wp\/index.php?rest_route=\/wp\/v2\/users\/1"}],"replies":[{"embeddable":true,"href":"http:\/\/msc-reichshof.de\/wp\/index.php?rest_route=%2Fwp%2Fv2%2Fcomments&post=308"}],"version-history":[{"count":28,"href":"http:\/\/msc-reichshof.de\/wp\/index.php?rest_route=\/wp\/v2\/pages\/308\/revisions"}],"predecessor-version":[{"id":1647,"href":"http:\/\/msc-reichshof.de\/wp\/index.php?rest_route=\/wp\/v2\/pages\/308\/revisions\/1647"}],"wp:attachment":[{"href":"http:\/\/msc-reichshof.de\/wp\/index.php?rest_route=%2Fwp%2Fv2%2Fmedia&parent=308"}],"curies":[{"name":"wp","href":"https:\/\/api.w.org\/{rel}","templated":true}]}}