{"id":1191,"date":"2018-05-22T21:45:32","date_gmt":"2018-05-22T19:45:32","guid":{"rendered":"http:\/\/msc-reichshof.de\/wp\/?page_id=1191"},"modified":"2024-11-18T13:16:24","modified_gmt":"2024-11-18T11:16:24","slug":"datenschutzerklaerung","status":"publish","type":"page","link":"http:\/\/msc-reichshof.de\/wp\/?page_id=1191","title":{"rendered":"Datenschutzerkl\u00e4rung"},"content":{"rendered":"<h2>Einleitung<\/h2>\n<p>Mit der folgenden Datenschutzerkl\u00e4rung m\u00f6chten wir Sie dar\u00fcber aufkl\u00e4ren, welche Arten Ihrer personenbezogenen Daten (nachfolgend auch kurz als &#8222;Daten\u201c bezeichnet) wir zu welchen Zwecken und in welchem Umfang verarbeiten. Die Datenschutzerkl\u00e4rung gilt f\u00fcr alle von uns durchgef\u00fchrten Verarbeitungen personenbezogener Daten im Rahmen des Internetauftritts &#8222;msc-reichshof.de&#8220;.<\/p>\n<p>Stand: 28. Juli 2019<\/p>\n<h2>Inhalts\u00fcbersicht<\/h2>\n<ul class=\"index\">\n<li><a class=\"index-link\" href=\"#m14\"> Einleitung<\/a><\/li>\n<li><a class=\"index-link\" href=\"#m3\"> Verantwortlicher<\/a><\/li>\n<li><a class=\"index-link\" href=\"#mOverview\"> \u00dcbersicht der Verarbeitungen<\/a><\/li>\n<li><a class=\"index-link\" href=\"#m225\"> Bereitstellung des Onlineangebotes und Webhosting<\/a><\/li>\n<\/ul>\n<h2 id=\"m3\">Verantwortlicher<\/h2>\n<p>Modellsportclub Reichshof e.V.<br \/>\nPostfach 111249<br \/>\n57082 Freudenberg<\/p>\n<p><strong>Vertretungsberechtigte Personen<\/strong>: Rolf Meyer (1. Vorsitzender), Alexander Quast (2. Vorsitzender)<\/p>\n<p><strong>E-Mail-Adresse<\/strong>: msc.reichshof@gmx.com<\/p>\n<h2 id=\"mOverview\">\u00dcbersicht der Verarbeitungen<\/h2>\n<p>Die nachfolgende \u00dcbersicht fasst die Arten der verarbeiteten Daten und die Zwecke ihrer Verarbeitung zusammen und verweist auf die betroffenen Personen.<\/p>\n<h3>Arten der verarbeiteten Daten<\/h3>\n<ul>\n<li>Inhaltsdaten (Texteingaben, Fotografien, Videos).<\/li>\n<li>Meta-\/Kommunikationsdaten (Ger\u00e4te-Informationen, IP-Adressen).<\/li>\n<li>Nutzungsdaten (besuchte Webseiten, Interesse an Inhalten, Zugriffszeiten).<\/li>\n<\/ul>\n<h3>Kategorien betroffener Personen<\/h3>\n<ul>\n<li>Nutzer (Websitebesucher, Nutzer von Onlinediensten).<\/li>\n<\/ul>\n<h2>&nbsp;<\/h2>\n<h2 id=\"m225\">Bereitstellung des Onlineangebotes und Webhosting<\/h2>\n<p>Um unser Onlineangebot sicher und effizient bereitstellen zu k\u00f6nnen, nehmen wir die Leistungen von einem oder mehreren Webhosting-Anbietern in Anspruch, von deren Servern (bzw. von ihnen verwalteten Servern) das Onlineangebot abgerufen werden kann. Zu diesen Zwecken k\u00f6nnen wir Infrastruktur- und Plattformdienstleistungen, Rechenkapazit\u00e4t, Speicherplatz und Datenbankdienste sowie Sicherheitsleistungen und technische Wartungsleistungen in Anspruch nehmen.<\/p>\n<p>Zu den im Rahmen der Bereitstellung des Hostingangebotes verarbeiteten Daten k\u00f6nnen alle die Nutzer unseres Onlineangebotes betreffenden Angaben geh\u00f6ren, die im Rahmen der Nutzung und der Kommunikation anfallen. Hierzu geh\u00f6ren regelm\u00e4\u00dfig die IP-Adresse, die notwendig ist, um die Inhalte von Onlineangeboten an Browser ausliefern zu k\u00f6nnen, und alle innerhalb unseres Onlineangebotes oder von Webseiten get\u00e4tigten Eingaben.<\/p>\n<p><strong>Erhebung von Zugriffsdaten und Logfiles<\/strong>: Wir selbst (bzw. unser Webhostinganbieter) erheben Daten zu jedem Zugriff auf den Server (sogenannte Serverlogfiles). Zu den Serverlogfiles k\u00f6nnen die Adresse und Name der abgerufenen Webseiten und Dateien, Datum und Uhrzeit des Abrufs, \u00fcbertragene Datenmengen, Meldung \u00fcber erfolgreichen Abruf, Browsertyp nebst Version, das Betriebssystem des Nutzers, Referrer URL (die zuvor besuchte Seite) und im Regelfall IP-Adressen und der anfragende Provider geh\u00f6ren.<\/p>\n<p>Die Serverlogfiles k\u00f6nnen zum einen zu Zwecken der Sicherheit eingesetzt werden, z.B., um eine \u00dcberlastung der Server zu vermeiden (insbesondere im Fall von missbr\u00e4uchlichen Angriffen, sogenannten DDoS-Attacken) und zum anderen, um die Auslastung der Server und ihre Stabilit\u00e4t sicherzustellen.<\/p>\n<ul class=\"m-elements\">\n<li><strong>Verarbeitete Datenarten:<\/strong> Inhaltsdaten (Texteingaben, Fotografien, Videos), Nutzungsdaten (besuchte Webseiten, Interesse an Inhalten, Zugriffszeiten), Meta-\/Kommunikationsdaten (Ger\u00e4te-Informationen, IP-Adressen).<\/li>\n<li><strong>Betroffene Personen:<\/strong> Nutzer (Websitebesucher, Nutzer von Onlinediensten).<\/li>\n<li><strong>Rechtsgrundlagen:<\/strong> Berechtigte Interessen (Art. 6 Abs. 1 S. 1 lit. f. DSGVO).<\/li>\n<\/ul>\n<p class=\"seal\"><a title=\"Rechtstext von Dr. Schwenke - f\u00fcr weitere Informationen bitte anklicken.\" href=\"https:\/\/datenschutz-generator.de\/?l=de\" target=\"_blank\" rel=\"noopener noreferrer\">Erstellt mit Datenschutz-Generator.de von Dr. jur. Thomas Schwenke<\/a><\/p>\n","protected":false},"excerpt":{"rendered":"<p>Einleitung Mit der folgenden Datenschutzerkl\u00e4rung m\u00f6chten wir Sie dar\u00fcber aufkl\u00e4ren, welche Arten Ihrer personenbezogenen Daten (nachfolgend auch kurz als &#8222;Daten\u201c bezeichnet) wir zu welchen Zwecken und in welchem Umfang verarbeiten. Die Datenschutzerkl\u00e4rung gilt f\u00fcr alle von uns durchgef\u00fchrten Verarbeitungen personenbezogener Daten im Rahmen des Internetauftritts &#8222;msc-reichshof.de&#8220;. Stand: 28. Juli 2019 Inhalts\u00fcbersicht Einleitung Verantwortlicher \u00dcbersicht der [&hellip;]<\/p>\n","protected":false},"author":1,"featured_media":0,"parent":0,"menu_order":0,"comment_status":"closed","ping_status":"closed","template":"","meta":{"ngg_post_thumbnail":0,"footnotes":""},"class_list":["post-1191","page","type-page","status-publish","hentry"],"_links":{"self":[{"href":"http:\/\/msc-reichshof.de\/wp\/index.php?rest_route=\/wp\/v2\/pages\/1191","targetHints":{"allow":["GET"]}}],"collection":[{"href":"http:\/\/msc-reichshof.de\/wp\/index.php?rest_route=\/wp\/v2\/pages"}],"about":[{"href":"http:\/\/msc-reichshof.de\/wp\/index.php?rest_route=\/wp\/v2\/types\/page"}],"author":[{"embeddable":true,"href":"http:\/\/msc-reichshof.de\/wp\/index.php?rest_route=\/wp\/v2\/users\/1"}],"replies":[{"embeddable":true,"href":"http:\/\/msc-reichshof.de\/wp\/index.php?rest_route=%2Fwp%2Fv2%2Fcomments&post=1191"}],"version-history":[{"count":23,"href":"http:\/\/msc-reichshof.de\/wp\/index.php?rest_route=\/wp\/v2\/pages\/1191\/revisions"}],"predecessor-version":[{"id":1651,"href":"http:\/\/msc-reichshof.de\/wp\/index.php?rest_route=\/wp\/v2\/pages\/1191\/revisions\/1651"}],"wp:attachment":[{"href":"http:\/\/msc-reichshof.de\/wp\/index.php?rest_route=%2Fwp%2Fv2%2Fmedia&parent=1191"}],"curies":[{"name":"wp","href":"https:\/\/api.w.org\/{rel}","templated":true}]}}